{"id":268,"date":"2017-05-03T14:36:41","date_gmt":"2017-05-03T11:36:41","guid":{"rendered":"http:\/\/msfilmfestival.fi\/?page_id=268"},"modified":"2025-04-01T15:57:28","modified_gmt":"2025-04-01T12:57:28","slug":"travel-stay","status":"publish","type":"page","link":"https:\/\/msfilmfestival.fi\/en\/travel-stay\/","title":{"rendered":"Travel &#038; Stay"},"content":{"rendered":"<h2><strong>HOW TO GET TO SODANKYL\u00c4<\/strong><\/h2>\n<p>Sodankyl\u00e4 is located approximately two hours northeast by car from Lapland&#8217;s capital, Rovaniemi. A direct Google Maps link can be found <a href=\"https:\/\/www.google.fi\/maps\/place\/99600+Sodankyl%C3%A4\/@67.4160066,26.5802179,15z\/data=!3m1!4b1!4m2!3m1!1s0x45d2cc15734b7107:0x40146d63c75bfe0\">here<\/a>.<\/p>\n<p><strong>Train<\/strong><\/p>\n<p>Finland is provided with excellent railroad network. While trains do not go as far north as Sodankyl\u00e4, Lapland&#8217;s capital Rovaniemi can be easily reached by train. English timetable and prices can be found at <a href=\"https:\/\/www.vr.fi\/en\">Finnish Railways webpage<\/a>.<\/p>\n<p><strong>Bus<\/strong><\/p>\n<p>Sodankyl\u00e4 can be reached by bus daily every two hours from Rovaniemi railway station. Timetable and prices can be found at <a href=\"https:\/\/liput.matkahuolto.fi\/connectionlist?lang=en&amp;returnDate=2019-06-12&amp;arrivalPlaceId=s10639&amp;departureDate=2019-06-12&amp;departurePlaceId=p472#breadcrumb\">Matkahuolto coach service webpage<\/a>.<\/p>\n<p><strong>Planes<\/strong><\/p>\n<p>Two major airlines companies, <a href=\"https:\/\/www.finnair.com\/gb\/gb\/\">Finnair<\/a> and <a href=\"https:\/\/www.norwegian.com\/uk\">Norwegian<\/a>, fly from Finnish capital Helsinki to Rovaniemi. Most Rovaniemi-Sodankyl\u00e4 buses also stop by at Rovaniemi airport.<\/p>\n<p><strong>Festival Bus<\/strong><\/p>\n<p>The official Festival Bus will run 24\/7 from Luosto to Sodankyl\u00e4 and back. Festival Bus timetable will be confirmed in beginning of June when the programme is published. <a href=\"https:\/\/msfilmfestival.fi\/en\/travel-stay\/luosto-bus-schedule\/\" target=\"_blank\" rel=\"noopener noreferrer\">See schedule here<\/a>.<\/p>\n<p><strong>Festival bus stops: <\/strong><br \/>\nLuosto \u2013 Lapland Hotel Luostotunturi \u2013 Santa&#8217;s Hotel \u2013<br \/>\nSodankyl\u00e4 \u2013 bus station, S-Market bus stop<\/p>\n<p>Tickets: 15 \u20ac \/ single \/ per person<\/p>\n<p><strong>Airport Bus<\/strong><\/p>\n<p><a href=\"https:\/\/airportbus.fi\/en\/\">Airport Bus Rovaniemi<\/a> offers direct transportation from the airport and the railway station to the film festival and to the city center of Rovaniemi. You can share the bus with other people from the same flight (max. 23 people).<\/p>\n<div>For more information on these and other transportation options visit Matkahuolto\u2019s, VR\u2019s and Finnair\u2019s websites:<\/div>\n<div><\/div>\n<div><a id=\"m_-7527590660248720478OWA581a7d78-ac52-a535-974f-e79e1817c35a\" href=\"https:\/\/www.matkahuolto.fi\/en\" target=\"_blank\" rel=\"noopener\" data-saferedirecturl=\"https:\/\/www.google.com\/url?q=https:\/\/www.matkahuolto.fi\/en&amp;source=gmail&amp;ust=1716275856326000&amp;usg=AOvVaw194vUEYSJsAx9IzOxhSEj7\">https:\/\/www.matkahuolto.fi\/en<\/a><\/div>\n<div><a id=\"m_-7527590660248720478OWA2375bb59-c875-9ccc-08be-80467e0554ff\" href=\"https:\/\/www.vr.fi\/en\" target=\"_blank\" rel=\"noopener\" data-saferedirecturl=\"https:\/\/www.google.com\/url?q=https:\/\/www.vr.fi\/en&amp;source=gmail&amp;ust=1716275856326000&amp;usg=AOvVaw0sWTePhD-tFcNTzWthdrJy\">https:\/\/www.vr.fi\/en<\/a><\/div>\n<div><a id=\"m_-7527590660248720478OWA4781f733-5545-fb40-7ff0-98186581929f\" href=\"https:\/\/www.finnair.com\/hu-en\" target=\"_blank\" rel=\"noopener\" data-saferedirecturl=\"https:\/\/www.google.com\/url?q=https:\/\/www.finnair.com\/hu-en&amp;source=gmail&amp;ust=1716275856327000&amp;usg=AOvVaw39NzSUrrLux8UOvcGA_XFv\">https:\/\/www.finnair.com\/hu-en<\/a><\/div>\n<p>&nbsp;<\/p>\n<h2><strong>ACCOMMODATION INFO<\/strong><\/h2>\n<p>Midnight Sun Film Festival has a group at Facebook where you can find (and provide) accommodation:<\/p>\n<div dir=\"auto\"><strong><a href=\"http:\/\/www.facebook.com\/groups\/578013475892098\/\">MSFF 2025 &#8211; Majoitusta etsit\u00e4\u00e4n \/ Looking for accommodation<\/a><\/strong><\/div>\n<p>Join the group and post your own info: when do you need accommodation, for how many people, etc.<\/p>\n<p>For specific questions regarding accommodation at MSFF, you can also write to (from 1st of April, 2025):<br \/>\n<a href=\"mailto:info@msfilmfestival.fi\">info@msfilmfestival.fi<\/a><\/p>\n<div dir=\"auto\">Like we say here in Sodankyl\u00e4, early bird catches the best cabins!<\/div>\n<div dir=\"auto\"><\/div>\n<p><strong>TRAVEL PACKAGES AT LUOSTO RESORT<\/strong><\/p>\n<p><a href=\"https:\/\/msfilmfestival.fi\/en\/travel-stay\/luosto-bus-schedule\/\">FESTIVAL BUS<\/a><\/p>\n<p>LUOSTO \u2013 SODANKYL\u00c4 \u2013 LUOSTO<\/p>\n<p>Two stops in Luosto:<\/p>\n<p>1. Lapland Hotel Luostotunturi<br \/>\n2. Santa&#8217;s Hotel Aurora<\/p>\n<p>Two stops in Sodankyl\u00e4:<\/p>\n<p>1. On \u201dJ\u00e4\u00e4merentie\u201d road bus stop in the front of the S-Market<br \/>\n2. Bus Station<\/p>\n<p>Timetables from Sodankyl\u00e4: start time at the Bus Station.<br \/>\nTimetables from Luosto: start time at the Hotel Luostotunturi<\/p>\n<p>Price: 15 \u20ac\/person\/one way.<br \/>\nBus card incl. to the accommodation packages booked from Lapland Hotel Luostotunturi \/ Santa&#8217;s Hotel Aurora \/ Pyh\u00e4-Luosto Travel ltd.<\/p>\n<p>Book the packages:<\/p>\n<p><strong><br \/>\nFESTIVAL ACCOMMODATION AT LUOSTO RESORT<\/strong><\/p>\n<p><strong><br \/>\nLAPLAND HOTEL LUOSTOTUNTURI \/ Amethyst Spa<\/strong><\/p>\n<p>Festival Package includes accommodation, linen, cleaning by departure, breakfast at the Hotel, free use of spa and gym and bus card for Festival bus Luosto \u2013 Sodankyl\u00e4 \u2013 Luosto (only included in bookings made on <a href=\"https:\/\/www.laplandhotels.com\/EN\/hotels-in-lapland\/luosto\/lapland-hotels-luostotunturi\/accommodation.html\">the hotel&#8217;s webpage<\/a>)<\/p>\n<p>tel +358 16-620 400 \/ email: <a href=\"mailto:luostotunturi@laplandhotels.com\">luostotunturi@laplandhotels.com<\/a><\/p>\n<p><strong><br \/>\nSANTA&#8217;S HOTEL AURORA<br \/>\n<\/strong><\/p>\n<p>Hotel Aurora combines all the best of an enchanting fell cottage with carefree, quality hotel accommodation. All our hotel rooms come with their own sauna.<br \/>\nHotel Aurora has also 10 Unique Glass igloos for year-round use.<\/p>\n<p>All bookings and inquiries <a href=\"https:\/\/www.santashotels.fi\/hotelaurora\">www.santashotels.fi\/hotelaurora<\/a><br \/>\nor Santa\u2019s Hotel Aurora <a href=\"mailto:info.luosto@santashotels.fi\">info.luosto@santashotels.fi<\/a> \/ +358 400 102 200.<\/p>\n<p><strong>Festival Package at Santa&#8217;s Hotel Aurora<\/strong><\/p>\n<p>Hotel Aurora combines all the best of an enchanting fell cottage with carefree, quality hotel accommodation. All our hotel rooms come with their own sauna.<\/p>\n<p>Hotel Aurora has 10 Unique Glass igloos for year-round use.<\/p>\n<p>&nbsp;<\/p>\n<p><strong>PYH\u00c4-LUOSTO TRAVEL LTD<\/strong><\/p>\n<p>High quality holiday cabins in Luosto area (all with sauna, fully equipped kitchen, fireplace and TV). Accommodation price includes linen and final cleaning, also bus card for the Festival bus Luosto\u2013Sodankyl\u00e4\u2013Luosto (the bus runs regular shifts around the clock).<\/p>\n<p>Prices:<br \/>\nCabin for 2 persons (one bedroom + loft), 456 \u20ac\/cabin\/3 nights. Extra day 83 \u20ac\/cabin.<br \/>\nCabin for 4 persons (two bedrooms + loft), 594 \u20ac\/cabin\/3 nights. Extra day 94 \u20ac\/cabin.<\/p>\n<p>Bigger cabins also available.<\/p>\n<p>Bookings: e-mail <a href=\"mailto:luosto@pltravel.fi \">luosto@pltravel.fi <\/a> or phone +358 207 303020.<\/p>\n<p>&nbsp;<\/p>\n<p><strong>MATTRESS LODGING IN SODANKYL\u00c4<\/strong><\/p>\n<p><strong><br \/>\nHigh School Mattress Lodging by Lapin Veikot<\/strong><\/p>\n<p>Mattress lodging at Sodankyl\u00e4 lukio (High School), Juontotie 33, Building F. Follow the signposts from Hotel Sodankyl\u00e4. Both male and female guests welcome. From Wed 12th of June at 12:00 until Sunday 16th of June 13:00. Toilet and shower facilities, 1,2 km to festival area. 30 \u20ac \/ day. Cards accepted. Microwave oven, coffee maker, tea boiler and fridge for your own snacks all available. Bring your own sleeping bag or blanket.<\/p>\n<p>Book the accommodation: <a href=\"https:\/\/www.laverastit.fi\/tuote\/festarimajoitus-2\">www.laverastit.fi\/tuote\/festarimajoitus-2<\/a><br \/>\nInquiries: <a href=\"mailto:lapinveikot.paini@gmail.com\">lapinveikot.paini@gmail.com<\/a> or text +358 40 3636290.<\/p>\n<p><strong><br \/>\nMatami Tatami lodging for women only<\/strong><\/p>\n<p>Tatami lodging for women only. Address: T\u00e4htikunnan koulu, Unarintie 33, Sodankyl\u00e4. Only 1,3 km from downtown Sodankyl\u00e4. 30 \u20ac \/ day, including mattress, toilet and shower facilities. Microwave oven, coffee maker, tea boiler, coffee\/tea and coffee milk and fridge for your own snacks all available. There&#8217;s also a small cafeteria that offers porridge, coffee, tee, sandwiches and sweet pastries. Bring your own sleeping bag or blanket.<\/p>\n<p>Tatami lodging opens on Wednesday 11th of June at 12 am and closes on Monday 16th of June at 10 am.<\/p>\n<p>Booking: <a href=\"https:\/\/www.kisasiskot.net\/matami-tatami-2022\/\">www.kisasiskot.net<\/a><br \/>\nInquiries: inga.lokka@gmail.com &amp; tel. +358 40 75 60 448<\/p>\n<p>When reserving, don&#8217;t forget to mention your name, phone number, email address and estimated time of arrival. Welcome to Tatami!<\/p>\n<p><strong><br \/>\nOld College Lodging<\/strong><\/p>\n<p>Accommodation available at The Old College (Kansanopistontie 5) from Tuesday 10.6. 18 p.m. to Monday morning 16.6. 12 a.m.<\/p>\n<p>We have separate room for men and women, mixed room and a snooring room! Shower for women and men, sauna. Bring your own mattress and linen \/ sleeping bag, pillow, blanket, etc. 35 \u20ac\/night.<\/p>\n<p>Booking and inquiries: <a href=\"mailto:vanhaopisto@gmail.com\">vanhaopisto@gmail.com<\/a><\/p>\n","protected":false},"excerpt":{"rendered":"HOW TO GET TO SODANKYL\u00c4 Sodankyl\u00e4 is located approximately two hours northeast by car from Lapland&#8217;s capital, Rovaniemi. A direct Google Maps link can be found here. Train Finland is provided with excellent railroad network. While trains do not go as far north as Sodankyl\u00e4, Lapland&#8217;s capital Rovaniemi can be easily reached by train. English&#8230; <a class=\"view-article\" href=\"https:\/\/msfilmfestival.fi\/en\/travel-stay\/\">View Article<\/a>","protected":false},"author":5,"featured_media":4105,"parent":0,"menu_order":0,"comment_status":"closed","ping_status":"closed","template":"","meta":{"_acf_changed":false,"footnotes":""},"class_list":["post-268","page","type-page","status-publish","has-post-thumbnail","hentry"],"acf":[],"yoast_head":"<!-- This site is optimized with the Yoast SEO plugin v26.7 - https:\/\/yoast.com\/wordpress\/plugins\/seo\/ -->\n<title>Travel &amp; Stay &#8212; Midnight Sun Film Festival<\/title>\n<meta name=\"robots\" content=\"index, follow, max-snippet:-1, max-image-preview:large, max-video-preview:-1\" \/>\n<link rel=\"canonical\" href=\"https:\/\/msfilmfestival.fi\/en\/travel-stay\/\" \/>\n<meta property=\"og:locale\" content=\"en_US\" \/>\n<meta property=\"og:type\" content=\"article\" \/>\n<meta property=\"og:title\" content=\"Travel &amp; Stay &#8212; Midnight Sun Film Festival\" \/>\n<meta property=\"og:description\" content=\"HOW TO GET TO SODANKYL\u00c4 Sodankyl\u00e4 is located approximately two hours northeast by car from Lapland&#8217;s capital, Rovaniemi. A direct Google Maps link can be found here. Train Finland is provided with excellent railroad network. While trains do not go as far north as Sodankyl\u00e4, Lapland&#8217;s capital Rovaniemi can be easily reached by train. English... View Article\" \/>\n<meta property=\"og:url\" content=\"https:\/\/msfilmfestival.fi\/en\/travel-stay\/\" \/>\n<meta property=\"og:site_name\" content=\"Midnight Sun Film Festival\" \/>\n<meta property=\"article:publisher\" content=\"https:\/\/www.facebook.com\/MidnightSunFilmFestival\/\" \/>\n<meta property=\"article:modified_time\" content=\"2025-04-01T12:57:28+00:00\" \/>\n<meta property=\"og:image\" content=\"https:\/\/msfilmfestival.fi\/wp-content\/uploads\/2017\/12\/170606_panahi_ih.jpg\" \/>\n\t<meta property=\"og:image:width\" content=\"3008\" \/>\n\t<meta property=\"og:image:height\" content=\"2000\" \/>\n\t<meta property=\"og:image:type\" content=\"image\/jpeg\" \/>\n<meta name=\"twitter:card\" content=\"summary_large_image\" \/>\n<meta name=\"twitter:site\" content=\"@msfilmfest\" \/>\n<meta name=\"twitter:label1\" content=\"Est. reading time\" \/>\n\t<meta name=\"twitter:data1\" content=\"6 minutes\" \/>\n<script type=\"application\/ld+json\" class=\"yoast-schema-graph\">{\"@context\":\"https:\/\/schema.org\",\"@graph\":[{\"@type\":\"WebPage\",\"@id\":\"https:\/\/msfilmfestival.fi\/en\/travel-stay\/\",\"url\":\"https:\/\/msfilmfestival.fi\/en\/travel-stay\/\",\"name\":\"Travel & Stay &#8212; Midnight Sun Film Festival\",\"isPartOf\":{\"@id\":\"https:\/\/msfilmfestival.fi\/#website\"},\"primaryImageOfPage\":{\"@id\":\"https:\/\/msfilmfestival.fi\/en\/travel-stay\/#primaryimage\"},\"image\":{\"@id\":\"https:\/\/msfilmfestival.fi\/en\/travel-stay\/#primaryimage\"},\"thumbnailUrl\":\"https:\/\/msfilmfestival.fi\/wp-content\/uploads\/2017\/12\/170606_panahi_ih.jpg\",\"datePublished\":\"2017-05-03T11:36:41+00:00\",\"dateModified\":\"2025-04-01T12:57:28+00:00\",\"breadcrumb\":{\"@id\":\"https:\/\/msfilmfestival.fi\/en\/travel-stay\/#breadcrumb\"},\"inLanguage\":\"en-US\",\"potentialAction\":[{\"@type\":\"ReadAction\",\"target\":[\"https:\/\/msfilmfestival.fi\/en\/travel-stay\/\"]}]},{\"@type\":\"ImageObject\",\"inLanguage\":\"en-US\",\"@id\":\"https:\/\/msfilmfestival.fi\/en\/travel-stay\/#primaryimage\",\"url\":\"https:\/\/msfilmfestival.fi\/wp-content\/uploads\/2017\/12\/170606_panahi_ih.jpg\",\"contentUrl\":\"https:\/\/msfilmfestival.fi\/wp-content\/uploads\/2017\/12\/170606_panahi_ih.jpg\",\"width\":3008,\"height\":2000},{\"@type\":\"BreadcrumbList\",\"@id\":\"https:\/\/msfilmfestival.fi\/en\/travel-stay\/#breadcrumb\",\"itemListElement\":[{\"@type\":\"ListItem\",\"position\":1,\"name\":\"Etusivu\",\"item\":\"https:\/\/msfilmfestival.fi\/en\/\"},{\"@type\":\"ListItem\",\"position\":2,\"name\":\"Travel &#038; Stay\"}]},{\"@type\":\"WebSite\",\"@id\":\"https:\/\/msfilmfestival.fi\/#website\",\"url\":\"https:\/\/msfilmfestival.fi\/\",\"name\":\"Midnight Sun Film Festival\",\"description\":\"Midnight Sun Film Festival - Sodankyl\u00e4n Elokuvajuhlat\",\"publisher\":{\"@id\":\"https:\/\/msfilmfestival.fi\/#organization\"},\"potentialAction\":[{\"@type\":\"SearchAction\",\"target\":{\"@type\":\"EntryPoint\",\"urlTemplate\":\"https:\/\/msfilmfestival.fi\/?s={search_term_string}\"},\"query-input\":{\"@type\":\"PropertyValueSpecification\",\"valueRequired\":true,\"valueName\":\"search_term_string\"}}],\"inLanguage\":\"en-US\"},{\"@type\":\"Organization\",\"@id\":\"https:\/\/msfilmfestival.fi\/#organization\",\"name\":\"Sodankyl\u00e4n elokuvajuhlat\",\"url\":\"https:\/\/msfilmfestival.fi\/\",\"logo\":{\"@type\":\"ImageObject\",\"inLanguage\":\"en-US\",\"@id\":\"https:\/\/msfilmfestival.fi\/#\/schema\/logo\/image\/\",\"url\":\"https:\/\/msfilmfestival.fi\/wp-content\/uploads\/2018\/06\/MSFF-LOGOx2-v2-e1496143012921.png\",\"contentUrl\":\"https:\/\/msfilmfestival.fi\/wp-content\/uploads\/2018\/06\/MSFF-LOGOx2-v2-e1496143012921.png\",\"width\":957,\"height\":77,\"caption\":\"Sodankyl\u00e4n elokuvajuhlat\"},\"image\":{\"@id\":\"https:\/\/msfilmfestival.fi\/#\/schema\/logo\/image\/\"},\"sameAs\":[\"https:\/\/www.facebook.com\/MidnightSunFilmFestival\/\",\"https:\/\/x.com\/msfilmfest\",\"https:\/\/www.instagram.com\/midnightsunfilmfestival\/\"]}]}<\/script>\n<!-- \/ Yoast SEO plugin. -->","yoast_head_json":{"title":"Travel & Stay &#8212; Midnight Sun Film Festival","robots":{"index":"index","follow":"follow","max-snippet":"max-snippet:-1","max-image-preview":"max-image-preview:large","max-video-preview":"max-video-preview:-1"},"canonical":"https:\/\/msfilmfestival.fi\/en\/travel-stay\/","og_locale":"en_US","og_type":"article","og_title":"Travel & Stay &#8212; Midnight Sun Film Festival","og_description":"HOW TO GET TO SODANKYL\u00c4 Sodankyl\u00e4 is located approximately two hours northeast by car from Lapland&#8217;s capital, Rovaniemi. A direct Google Maps link can be found here. Train Finland is provided with excellent railroad network. While trains do not go as far north as Sodankyl\u00e4, Lapland&#8217;s capital Rovaniemi can be easily reached by train. English... View Article","og_url":"https:\/\/msfilmfestival.fi\/en\/travel-stay\/","og_site_name":"Midnight Sun Film Festival","article_publisher":"https:\/\/www.facebook.com\/MidnightSunFilmFestival\/","article_modified_time":"2025-04-01T12:57:28+00:00","og_image":[{"width":3008,"height":2000,"url":"https:\/\/msfilmfestival.fi\/wp-content\/uploads\/2017\/12\/170606_panahi_ih.jpg","type":"image\/jpeg"}],"twitter_card":"summary_large_image","twitter_site":"@msfilmfest","twitter_misc":{"Est. reading time":"6 minutes"},"schema":{"@context":"https:\/\/schema.org","@graph":[{"@type":"WebPage","@id":"https:\/\/msfilmfestival.fi\/en\/travel-stay\/","url":"https:\/\/msfilmfestival.fi\/en\/travel-stay\/","name":"Travel & Stay &#8212; Midnight Sun Film Festival","isPartOf":{"@id":"https:\/\/msfilmfestival.fi\/#website"},"primaryImageOfPage":{"@id":"https:\/\/msfilmfestival.fi\/en\/travel-stay\/#primaryimage"},"image":{"@id":"https:\/\/msfilmfestival.fi\/en\/travel-stay\/#primaryimage"},"thumbnailUrl":"https:\/\/msfilmfestival.fi\/wp-content\/uploads\/2017\/12\/170606_panahi_ih.jpg","datePublished":"2017-05-03T11:36:41+00:00","dateModified":"2025-04-01T12:57:28+00:00","breadcrumb":{"@id":"https:\/\/msfilmfestival.fi\/en\/travel-stay\/#breadcrumb"},"inLanguage":"en-US","potentialAction":[{"@type":"ReadAction","target":["https:\/\/msfilmfestival.fi\/en\/travel-stay\/"]}]},{"@type":"ImageObject","inLanguage":"en-US","@id":"https:\/\/msfilmfestival.fi\/en\/travel-stay\/#primaryimage","url":"https:\/\/msfilmfestival.fi\/wp-content\/uploads\/2017\/12\/170606_panahi_ih.jpg","contentUrl":"https:\/\/msfilmfestival.fi\/wp-content\/uploads\/2017\/12\/170606_panahi_ih.jpg","width":3008,"height":2000},{"@type":"BreadcrumbList","@id":"https:\/\/msfilmfestival.fi\/en\/travel-stay\/#breadcrumb","itemListElement":[{"@type":"ListItem","position":1,"name":"Etusivu","item":"https:\/\/msfilmfestival.fi\/en\/"},{"@type":"ListItem","position":2,"name":"Travel &#038; Stay"}]},{"@type":"WebSite","@id":"https:\/\/msfilmfestival.fi\/#website","url":"https:\/\/msfilmfestival.fi\/","name":"Midnight Sun Film Festival","description":"Midnight Sun Film Festival - Sodankyl\u00e4n Elokuvajuhlat","publisher":{"@id":"https:\/\/msfilmfestival.fi\/#organization"},"potentialAction":[{"@type":"SearchAction","target":{"@type":"EntryPoint","urlTemplate":"https:\/\/msfilmfestival.fi\/?s={search_term_string}"},"query-input":{"@type":"PropertyValueSpecification","valueRequired":true,"valueName":"search_term_string"}}],"inLanguage":"en-US"},{"@type":"Organization","@id":"https:\/\/msfilmfestival.fi\/#organization","name":"Sodankyl\u00e4n elokuvajuhlat","url":"https:\/\/msfilmfestival.fi\/","logo":{"@type":"ImageObject","inLanguage":"en-US","@id":"https:\/\/msfilmfestival.fi\/#\/schema\/logo\/image\/","url":"https:\/\/msfilmfestival.fi\/wp-content\/uploads\/2018\/06\/MSFF-LOGOx2-v2-e1496143012921.png","contentUrl":"https:\/\/msfilmfestival.fi\/wp-content\/uploads\/2018\/06\/MSFF-LOGOx2-v2-e1496143012921.png","width":957,"height":77,"caption":"Sodankyl\u00e4n elokuvajuhlat"},"image":{"@id":"https:\/\/msfilmfestival.fi\/#\/schema\/logo\/image\/"},"sameAs":["https:\/\/www.facebook.com\/MidnightSunFilmFestival\/","https:\/\/x.com\/msfilmfest","https:\/\/www.instagram.com\/midnightsunfilmfestival\/"]}]}},"_links":{"self":[{"href":"https:\/\/msfilmfestival.fi\/en\/wp-json\/wp\/v2\/pages\/268","targetHints":{"allow":["GET"]}}],"collection":[{"href":"https:\/\/msfilmfestival.fi\/en\/wp-json\/wp\/v2\/pages"}],"about":[{"href":"https:\/\/msfilmfestival.fi\/en\/wp-json\/wp\/v2\/types\/page"}],"author":[{"embeddable":true,"href":"https:\/\/msfilmfestival.fi\/en\/wp-json\/wp\/v2\/users\/5"}],"replies":[{"embeddable":true,"href":"https:\/\/msfilmfestival.fi\/en\/wp-json\/wp\/v2\/comments?post=268"}],"version-history":[{"count":12,"href":"https:\/\/msfilmfestival.fi\/en\/wp-json\/wp\/v2\/pages\/268\/revisions"}],"predecessor-version":[{"id":28315,"href":"https:\/\/msfilmfestival.fi\/en\/wp-json\/wp\/v2\/pages\/268\/revisions\/28315"}],"wp:featuredmedia":[{"embeddable":true,"href":"https:\/\/msfilmfestival.fi\/en\/wp-json\/wp\/v2\/media\/4105"}],"wp:attachment":[{"href":"https:\/\/msfilmfestival.fi\/en\/wp-json\/wp\/v2\/media?parent=268"}],"curies":[{"name":"wp","href":"https:\/\/api.w.org\/{rel}","templated":true}]}}