{"id":280,"date":"2017-05-03T14:45:32","date_gmt":"2017-05-03T11:45:32","guid":{"rendered":"http:\/\/msfilmfestival.fi\/?page_id=280"},"modified":"2025-05-27T22:14:57","modified_gmt":"2025-05-27T19:14:57","slug":"history","status":"publish","type":"page","link":"https:\/\/msfilmfestival.fi\/en\/history\/","title":{"rendered":"History"},"content":{"rendered":"<p>The Midnight Sun Film Festival was founded in 1986 by Finnish filmmakers, e.g. the Kaurism\u00e4ki brothers, and the Municipality of Sodankyl\u00e4. The village of Sodankyl\u00e4 is located in the heart of Finnish Lapland, some 120 kilometers above the Arctic Circle, where the sun doesn&#8217;t set at all in the summertime. The nature of Lapland and the nightless night provide the Midnight Sun Film Festival a setting no other festival can compete!<\/p>\n<p>The atmosphere of the Midnight Sun Film Festival is one of the most unique in the whole world: the most fascinating film directors around the world, up-and-coming talents, the international audience and the inhabitants of Sodankyl\u00e4 meet under the midnight sun in the relaxed and informal &#8220;spirit of Sodankyl\u00e4&#8221;. Without any formal restraints, the festival is best characterised by its pure love for cinema.<\/p>\n<p>Films are shown in four venues for 24 hours a day, and the actual time is easily forgotten as the sun shines as brightly at 4 AM as it does at 4 PM.<\/p>\n<p>The festival programme is an enticing combination of old and new. Timeless masterpieces of veteran filmmakers will be presented side by side with the most engrossing contemporary films. In the master class screenings leading film critics will provide their insight to cinema&#8217;s finest classics, and music films are given a new spin in the karaoke screenings. To top it all, the undisputed highlights of the festival are the glorious silent film concerts.<\/p>\n<p>The programme also includes new Finnish productions, films for children and premiere screenings; altogether about 100 feature films presented in over 120 screenings. To crown the cinematic celebration, every since its origin festival has hold morning discussions with the main guests. Who wouldn&#8217;t be interested in hearing which films the legendary directors would take with them to a desert island.<\/p>\n<p>Thanks to our guests throughout the years, the spirit of Sodankyl\u00e4 is well known around the world. Just to mention a few, the following persons have visited the Midnight Sun Film Festival:<\/p>\n<p><strong>1986<\/strong>: Samuel Fuller, Jonathan Demme, Bertrand Tavernier, Jean-Pierre Gorin, Eduard Zahariev<br \/>\n<strong>1987<\/strong>: Michael Powell, Jacques Demy, Jim Jarmusch, D. A. Pennebaker, Juliet Berto, Thelma Schoonmaker, Stefan Jarl, Tom Luddy, Raymond Durgnat<br \/>\n<strong>1988<\/strong>: Monte Hellman, Paul Schrader, Du\u0161an Makavejev, Aleksei German, Krzysztof Zanussi, Ali \u00d6zgent\u00fcrk, Peter Wollen, Nils Gaup<br \/>\n<strong>1989<\/strong>: Paul Morrissey, Krzysztof Kie\u015blowski, Otar Ioseliani, John Berry, Vadim Abdra\u0161itov, Idrissa Ou\u00e9draogo, Andi Engel<br \/>\n<strong>1990<\/strong>: Richard Fleischer, Manoel de Oliveira, Ettore Scola, Jean-Pierre L\u00e9aud, Jo\u00e3o B\u00e9nard da Costa, Octavio Bezerra, Helle Ryslinge<br \/>\n<strong>1991<\/strong>: Andre de Toth, L\u00e1szl\u00f3 Benedek, Agn\u00e8s Varda, Chantal Akerman,Alberto Lattuada, Jean-Charles Tacchella,\u00a0 Enzo Serafin, \u00c9tienne Chatiliez, Adrian Johnston, Ville Salminen<br \/>\n<strong>1992<\/strong>: Roger Corman, Claude Chabrol, Jan Troell, Nikolai Dostal, Lone Scherfig, Dani\u00e8le Dubroux, Esko Salminen<br \/>\n<strong>1993<\/strong>: Joseph H. Lewis, Dino Risi, Chris Marker, Jerzy Kawalerowicz, Julio M\u00e9dem, G. Cabrera Infante, Elina Salo<br \/>\n<strong>1994<\/strong>: Robert Wise, Mario Monicelli, Luis Garc\u00eda Berlanga, Stanley Donen, John Sayles, Sara Driver, Anneli Sauli<br \/>\n<strong>1995<\/strong>: Robert Parrish, Agnieszka Holland, Victor Erice,\u00a0Maud Linder, Richard Price, Fri\u00f0rik \u00de\u00f3r Fri\u00f0riksson, Fred Keleman<br \/>\n<strong>1996<\/strong>: Jean Dr\u00e9ville, Claude Sautet, Robert Boyle, Doris D\u00f6rrie, Stefano Incerti, Nils Arden Oplev, \u00c5ke Lindman<br \/>\n<strong>1997<\/strong>: Gianni Amelio, Vincent Sherman, Jerzy Skolimowski, Istv\u00e1n Szab\u00f3, Costas Ferris, Herbert Achternbusch, Nicolas Winding Refn<br \/>\n<strong>1998<\/strong>: Youssef Chahine, Terry Gilliam, Chris Marker, Robby M\u00fcller, Stefan Jarl, Wim Wenders, Leonard Kastle, Anna Bonaiuto, Knut Erik Jensen, Jonathan Rosenbaum, Pirjo Honkasalo<br \/>\n<strong>1999<\/strong>: Edgardo Cozarinsky, Costa-Gavras, Francesco Rosi, Angela Winkler, Murali Nair, Gabriel Retes<br \/>\n<strong>2000<\/strong>: Bob Rafelson, Paolo Taviani, Ivan Passer, Shinji Aoyama, Jean Douchet<br \/>\n<strong>2001<\/strong>: Freddie Francis, Sergio Sollima, Jerry Schatzberg, Agn\u00e8s Jaoui, Jim Hoberman, Thierry Fr\u00e9maux<br \/>\n<strong>2002<\/strong>: Francis Ford Coppola, Mikl\u00f3s Jancs\u00f3, Fernando Solanas, Denys Arcand, Luce Vigo, Jan Cvitkovi\u010d<br \/>\n<strong>2003<\/strong>: Irvin Kershner, Emir Kusturica, Jean Rouch, Bent Hamer, Gy\u00f6rgy P\u00e1lfi, \u00c9milie Deleuze, Joachim Kr\u00f3l, Matti Kassila<br \/>\n<strong>2004<\/strong>: Val Guest, Nanni Moretti, Marlen Hutsijev, Wolfgang Becker, J\u00f6rn Donner, Alain Bergala, Michael Henry Wilson, J\u00f6rn Donner<br \/>\n<strong>2005<\/strong>: Roy Ward Baker, Jean-Pierre &amp; Luc Dardenne, Ye\u015fim Ustao\u011flu, Juan Pablo Rebella &amp; Pablo Stoll, Hans Weingartner, Pepe Danquart<br \/>\n<strong>2006<\/strong>: Gian Vittorio Baldi, Caroll Ballard, Andrei Smirnov, Jafar Panahi, Isabelle Stever, Mercedes \u00c1lvarez, Jasmine Trinca, Naum Kleiman<br \/>\n<strong>2007<\/strong>: Abbas Kiarostami, Claude Goretta, Vittorio De Seta, Amos Gitai, Elia Suleiman, Giuseppe Bertolucci, Pascale Ferran, Detlef Buck, Kadri K\u00f5usaar<br \/>\n<strong>2008<\/strong>: Milo\u0161 Forman, Andrei Kont\u0161alovski, Seymour Cassel, Nils Gaup, Veiko \u00d5unpuu, Lasse P\u00f6ysti<br \/>\n<strong>2009<\/strong>: John Boorman, Robert Gu\u00e9diguian, Fatih Akin, Samira Makhmalbaf, Sergei Dvortsevoi, Andreas Dresen, Markku Lehmuskallio &amp; Anastasia Lapsui<br \/>\n<strong>2010<\/strong>: Pedro Costa, Terence Davies, Javier Rebollo, Pietro Marcello, Samuel Maoz, Pelin Esmer, David Robinson, Bernard Eisenschitz, Vesa-Matti Loiri<br \/>\n<strong>2011<\/strong>: Michael Chapman, Souleymane Ciss\u00e9, Atom Egoyan, Apichatpong Weerasethakul, Denis C\u00f4t\u00e9, Athina Rachel Tsangari, Tony Palmer, Nick James<br \/>\n<strong>2012<\/strong>: Harriet Andersson, Alan Rudolph, Joe Dante,\u00a0 B\u00e9la Tarr, Taina Elg, Ruben \u00d6stlund, Tony Rayns, Foster Hirsch<br \/>\n<strong>2013<\/strong>: Philip Kaufman, Marco Bellocchio, Claire Denis, Christian Mungiu, Jan Troell, Peter Strickland, Gian Luca Farinelli<br \/>\n<strong>2014<\/strong>: Olivier Assayas, Pawe\u0142 Pawlikowski, Alice Rohrwacher, Katell Quill\u00e9v\u00e9r\u00e9, H\u00e9lier Cisterne, Samantha Fuller<br \/>\n<strong>2015<\/strong>: Mike Leigh, Nils Malmros, Christian Petzold, Whit Stillman, Miguel Gomes, Ma\u0142gorzata Szumowska<br \/>\n<strong>2016<\/strong>: Ji\u0159\u00ed Menzel, Bill Forsyth, Fernando Trueba, Jon\u00e1s Trueba, Dagur K\u00e1ri, Gianfranco Rosi, Fr\u00e9d\u00e9ric Strauss, Kirsti Wallasvaara<br \/>\n<strong>2017<\/strong>: Carlos Saura, Hanna Schygulla, Bertrand Bonello, Per Fly, Eija Pokkinen<br \/>\n<strong>2018<\/strong>: Barbet Schroeder, Bulle Ogier, Dominik Graf, Mahamat-Saleh Haroun, Jos\u00e9 Luis Guer\u00edn, Olivier Assayas, Kristiina Halkola, Eero Melasniemi<br \/>\n<strong>2019<\/strong>: Fernando Meirelles, Mohsen Makhmalbaf, Marzieh Meshkini, Arnaud Desplechin, Pernilla August, Kent Jones, Mark Jenkin, Johann Lurf, Nora Fingscheidt, Pirjo Honkasalo, Eeva Litmanen<br \/>\n<strong>2022<\/strong>: Nicolas Meyer, Ildik\u00f3 Enyedi, Mathieu Amalric, Karim A\u00efnouz, Lenny Abrahamson<br \/>\n<strong>2023:\u00a0<\/strong>Sergei Loznitsa, Mary Sweeney, Emmanuel Mouret, Alma P\u00f6ysti, Jussi Vatanen, Anna Hints, David Wagner<br \/>\n<strong>2024: <\/strong>Leos Carax, Alfonso Cuar\u00f3n, Alice Rohrwacher, Asli \u00d6zge, Dag Johan Haugerud, Adilkhan Jer\u017eanov, Michelangelo Frammartino, Virpi Suutari, Martti Suosalo, Pirkko H\u00e4m\u00e4l\u00e4inen, Katja Gaurilof, Oona Airola<\/p>\n","protected":false},"excerpt":{"rendered":"The Midnight Sun Film Festival was founded in 1986 by Finnish filmmakers, e.g. the Kaurism\u00e4ki brothers, and the Municipality of Sodankyl\u00e4. The village of Sodankyl\u00e4 is located in the heart of Finnish Lapland, some 120 kilometers above the Arctic Circle, where the sun doesn&#8217;t set at all in the summertime. The nature of Lapland and&#8230; <a class=\"view-article\" href=\"https:\/\/msfilmfestival.fi\/en\/history\/\">View Article<\/a>","protected":false},"author":5,"featured_media":3227,"parent":0,"menu_order":0,"comment_status":"closed","ping_status":"closed","template":"","meta":{"_acf_changed":false,"footnotes":""},"class_list":["post-280","page","type-page","status-publish","has-post-thumbnail","hentry"],"acf":[],"yoast_head":"<!-- This site is optimized with the Yoast SEO plugin v26.7 - https:\/\/yoast.com\/wordpress\/plugins\/seo\/ -->\n<title>History &#8212; Midnight Sun Film Festival<\/title>\n<meta name=\"robots\" content=\"index, follow, max-snippet:-1, max-image-preview:large, max-video-preview:-1\" \/>\n<link rel=\"canonical\" href=\"https:\/\/msfilmfestival.fi\/en\/history\/\" \/>\n<meta property=\"og:locale\" content=\"en_US\" \/>\n<meta property=\"og:type\" content=\"article\" \/>\n<meta property=\"og:title\" content=\"History &#8212; Midnight Sun Film Festival\" \/>\n<meta property=\"og:description\" content=\"The Midnight Sun Film Festival was founded in 1986 by Finnish filmmakers, e.g. the Kaurism\u00e4ki brothers, and the Municipality of Sodankyl\u00e4. The village of Sodankyl\u00e4 is located in the heart of Finnish Lapland, some 120 kilometers above the Arctic Circle, where the sun doesn&#8217;t set at all in the summertime. The nature of Lapland and... View Article\" \/>\n<meta property=\"og:url\" content=\"https:\/\/msfilmfestival.fi\/en\/history\/\" \/>\n<meta property=\"og:site_name\" content=\"Midnight Sun Film Festival\" \/>\n<meta property=\"article:publisher\" content=\"https:\/\/www.facebook.com\/MidnightSunFilmFestival\/\" \/>\n<meta property=\"article:modified_time\" content=\"2025-05-27T19:14:57+00:00\" \/>\n<meta property=\"og:image\" content=\"https:\/\/msfilmfestival.fi\/wp-content\/uploads\/2017\/06\/MSFF_2017_AYR_ke_-69-1024x683.jpg\" \/>\n\t<meta property=\"og:image:width\" content=\"1024\" \/>\n\t<meta property=\"og:image:height\" content=\"683\" \/>\n\t<meta property=\"og:image:type\" content=\"image\/jpeg\" \/>\n<meta name=\"twitter:card\" content=\"summary_large_image\" \/>\n<meta name=\"twitter:site\" content=\"@msfilmfest\" \/>\n<meta name=\"twitter:label1\" content=\"Est. reading time\" \/>\n\t<meta name=\"twitter:data1\" content=\"7 minutes\" \/>\n<script type=\"application\/ld+json\" class=\"yoast-schema-graph\">{\"@context\":\"https:\/\/schema.org\",\"@graph\":[{\"@type\":\"WebPage\",\"@id\":\"https:\/\/msfilmfestival.fi\/en\/history\/\",\"url\":\"https:\/\/msfilmfestival.fi\/en\/history\/\",\"name\":\"History &#8212; Midnight Sun Film Festival\",\"isPartOf\":{\"@id\":\"https:\/\/msfilmfestival.fi\/#website\"},\"primaryImageOfPage\":{\"@id\":\"https:\/\/msfilmfestival.fi\/en\/history\/#primaryimage\"},\"image\":{\"@id\":\"https:\/\/msfilmfestival.fi\/en\/history\/#primaryimage\"},\"thumbnailUrl\":\"https:\/\/msfilmfestival.fi\/wp-content\/uploads\/2017\/06\/MSFF_2017_AYR_ke_-69.jpg\",\"datePublished\":\"2017-05-03T11:45:32+00:00\",\"dateModified\":\"2025-05-27T19:14:57+00:00\",\"breadcrumb\":{\"@id\":\"https:\/\/msfilmfestival.fi\/en\/history\/#breadcrumb\"},\"inLanguage\":\"en-US\",\"potentialAction\":[{\"@type\":\"ReadAction\",\"target\":[\"https:\/\/msfilmfestival.fi\/en\/history\/\"]}]},{\"@type\":\"ImageObject\",\"inLanguage\":\"en-US\",\"@id\":\"https:\/\/msfilmfestival.fi\/en\/history\/#primaryimage\",\"url\":\"https:\/\/msfilmfestival.fi\/wp-content\/uploads\/2017\/06\/MSFF_2017_AYR_ke_-69.jpg\",\"contentUrl\":\"https:\/\/msfilmfestival.fi\/wp-content\/uploads\/2017\/06\/MSFF_2017_AYR_ke_-69.jpg\",\"width\":4000,\"height\":2667},{\"@type\":\"BreadcrumbList\",\"@id\":\"https:\/\/msfilmfestival.fi\/en\/history\/#breadcrumb\",\"itemListElement\":[{\"@type\":\"ListItem\",\"position\":1,\"name\":\"Etusivu\",\"item\":\"https:\/\/msfilmfestival.fi\/en\/\"},{\"@type\":\"ListItem\",\"position\":2,\"name\":\"History\"}]},{\"@type\":\"WebSite\",\"@id\":\"https:\/\/msfilmfestival.fi\/#website\",\"url\":\"https:\/\/msfilmfestival.fi\/\",\"name\":\"Midnight Sun Film Festival\",\"description\":\"Midnight Sun Film Festival - Sodankyl\u00e4n Elokuvajuhlat\",\"publisher\":{\"@id\":\"https:\/\/msfilmfestival.fi\/#organization\"},\"potentialAction\":[{\"@type\":\"SearchAction\",\"target\":{\"@type\":\"EntryPoint\",\"urlTemplate\":\"https:\/\/msfilmfestival.fi\/?s={search_term_string}\"},\"query-input\":{\"@type\":\"PropertyValueSpecification\",\"valueRequired\":true,\"valueName\":\"search_term_string\"}}],\"inLanguage\":\"en-US\"},{\"@type\":\"Organization\",\"@id\":\"https:\/\/msfilmfestival.fi\/#organization\",\"name\":\"Sodankyl\u00e4n elokuvajuhlat\",\"url\":\"https:\/\/msfilmfestival.fi\/\",\"logo\":{\"@type\":\"ImageObject\",\"inLanguage\":\"en-US\",\"@id\":\"https:\/\/msfilmfestival.fi\/#\/schema\/logo\/image\/\",\"url\":\"https:\/\/msfilmfestival.fi\/wp-content\/uploads\/2018\/06\/MSFF-LOGOx2-v2-e1496143012921.png\",\"contentUrl\":\"https:\/\/msfilmfestival.fi\/wp-content\/uploads\/2018\/06\/MSFF-LOGOx2-v2-e1496143012921.png\",\"width\":957,\"height\":77,\"caption\":\"Sodankyl\u00e4n elokuvajuhlat\"},\"image\":{\"@id\":\"https:\/\/msfilmfestival.fi\/#\/schema\/logo\/image\/\"},\"sameAs\":[\"https:\/\/www.facebook.com\/MidnightSunFilmFestival\/\",\"https:\/\/x.com\/msfilmfest\",\"https:\/\/www.instagram.com\/midnightsunfilmfestival\/\"]}]}<\/script>\n<!-- \/ Yoast SEO plugin. -->","yoast_head_json":{"title":"History &#8212; Midnight Sun Film Festival","robots":{"index":"index","follow":"follow","max-snippet":"max-snippet:-1","max-image-preview":"max-image-preview:large","max-video-preview":"max-video-preview:-1"},"canonical":"https:\/\/msfilmfestival.fi\/en\/history\/","og_locale":"en_US","og_type":"article","og_title":"History &#8212; Midnight Sun Film Festival","og_description":"The Midnight Sun Film Festival was founded in 1986 by Finnish filmmakers, e.g. the Kaurism\u00e4ki brothers, and the Municipality of Sodankyl\u00e4. The village of Sodankyl\u00e4 is located in the heart of Finnish Lapland, some 120 kilometers above the Arctic Circle, where the sun doesn&#8217;t set at all in the summertime. The nature of Lapland and... View Article","og_url":"https:\/\/msfilmfestival.fi\/en\/history\/","og_site_name":"Midnight Sun Film Festival","article_publisher":"https:\/\/www.facebook.com\/MidnightSunFilmFestival\/","article_modified_time":"2025-05-27T19:14:57+00:00","og_image":[{"width":1024,"height":683,"url":"https:\/\/msfilmfestival.fi\/wp-content\/uploads\/2017\/06\/MSFF_2017_AYR_ke_-69-1024x683.jpg","type":"image\/jpeg"}],"twitter_card":"summary_large_image","twitter_site":"@msfilmfest","twitter_misc":{"Est. reading time":"7 minutes"},"schema":{"@context":"https:\/\/schema.org","@graph":[{"@type":"WebPage","@id":"https:\/\/msfilmfestival.fi\/en\/history\/","url":"https:\/\/msfilmfestival.fi\/en\/history\/","name":"History &#8212; Midnight Sun Film Festival","isPartOf":{"@id":"https:\/\/msfilmfestival.fi\/#website"},"primaryImageOfPage":{"@id":"https:\/\/msfilmfestival.fi\/en\/history\/#primaryimage"},"image":{"@id":"https:\/\/msfilmfestival.fi\/en\/history\/#primaryimage"},"thumbnailUrl":"https:\/\/msfilmfestival.fi\/wp-content\/uploads\/2017\/06\/MSFF_2017_AYR_ke_-69.jpg","datePublished":"2017-05-03T11:45:32+00:00","dateModified":"2025-05-27T19:14:57+00:00","breadcrumb":{"@id":"https:\/\/msfilmfestival.fi\/en\/history\/#breadcrumb"},"inLanguage":"en-US","potentialAction":[{"@type":"ReadAction","target":["https:\/\/msfilmfestival.fi\/en\/history\/"]}]},{"@type":"ImageObject","inLanguage":"en-US","@id":"https:\/\/msfilmfestival.fi\/en\/history\/#primaryimage","url":"https:\/\/msfilmfestival.fi\/wp-content\/uploads\/2017\/06\/MSFF_2017_AYR_ke_-69.jpg","contentUrl":"https:\/\/msfilmfestival.fi\/wp-content\/uploads\/2017\/06\/MSFF_2017_AYR_ke_-69.jpg","width":4000,"height":2667},{"@type":"BreadcrumbList","@id":"https:\/\/msfilmfestival.fi\/en\/history\/#breadcrumb","itemListElement":[{"@type":"ListItem","position":1,"name":"Etusivu","item":"https:\/\/msfilmfestival.fi\/en\/"},{"@type":"ListItem","position":2,"name":"History"}]},{"@type":"WebSite","@id":"https:\/\/msfilmfestival.fi\/#website","url":"https:\/\/msfilmfestival.fi\/","name":"Midnight Sun Film Festival","description":"Midnight Sun Film Festival - Sodankyl\u00e4n Elokuvajuhlat","publisher":{"@id":"https:\/\/msfilmfestival.fi\/#organization"},"potentialAction":[{"@type":"SearchAction","target":{"@type":"EntryPoint","urlTemplate":"https:\/\/msfilmfestival.fi\/?s={search_term_string}"},"query-input":{"@type":"PropertyValueSpecification","valueRequired":true,"valueName":"search_term_string"}}],"inLanguage":"en-US"},{"@type":"Organization","@id":"https:\/\/msfilmfestival.fi\/#organization","name":"Sodankyl\u00e4n elokuvajuhlat","url":"https:\/\/msfilmfestival.fi\/","logo":{"@type":"ImageObject","inLanguage":"en-US","@id":"https:\/\/msfilmfestival.fi\/#\/schema\/logo\/image\/","url":"https:\/\/msfilmfestival.fi\/wp-content\/uploads\/2018\/06\/MSFF-LOGOx2-v2-e1496143012921.png","contentUrl":"https:\/\/msfilmfestival.fi\/wp-content\/uploads\/2018\/06\/MSFF-LOGOx2-v2-e1496143012921.png","width":957,"height":77,"caption":"Sodankyl\u00e4n elokuvajuhlat"},"image":{"@id":"https:\/\/msfilmfestival.fi\/#\/schema\/logo\/image\/"},"sameAs":["https:\/\/www.facebook.com\/MidnightSunFilmFestival\/","https:\/\/x.com\/msfilmfest","https:\/\/www.instagram.com\/midnightsunfilmfestival\/"]}]}},"_links":{"self":[{"href":"https:\/\/msfilmfestival.fi\/en\/wp-json\/wp\/v2\/pages\/280","targetHints":{"allow":["GET"]}}],"collection":[{"href":"https:\/\/msfilmfestival.fi\/en\/wp-json\/wp\/v2\/pages"}],"about":[{"href":"https:\/\/msfilmfestival.fi\/en\/wp-json\/wp\/v2\/types\/page"}],"author":[{"embeddable":true,"href":"https:\/\/msfilmfestival.fi\/en\/wp-json\/wp\/v2\/users\/5"}],"replies":[{"embeddable":true,"href":"https:\/\/msfilmfestival.fi\/en\/wp-json\/wp\/v2\/comments?post=280"}],"version-history":[{"count":5,"href":"https:\/\/msfilmfestival.fi\/en\/wp-json\/wp\/v2\/pages\/280\/revisions"}],"predecessor-version":[{"id":29508,"href":"https:\/\/msfilmfestival.fi\/en\/wp-json\/wp\/v2\/pages\/280\/revisions\/29508"}],"wp:featuredmedia":[{"embeddable":true,"href":"https:\/\/msfilmfestival.fi\/en\/wp-json\/wp\/v2\/media\/3227"}],"wp:attachment":[{"href":"https:\/\/msfilmfestival.fi\/en\/wp-json\/wp\/v2\/media?parent=280"}],"curies":[{"name":"wp","href":"https:\/\/api.w.org\/{rel}","templated":true}]}}