{"id":287,"date":"2017-05-03T14:50:06","date_gmt":"2017-05-03T11:50:06","guid":{"rendered":"http:\/\/msfilmfestival.fi\/?page_id=287"},"modified":"2026-02-12T08:37:28","modified_gmt":"2026-02-12T06:37:28","slug":"contact","status":"publish","type":"page","link":"https:\/\/msfilmfestival.fi\/en\/contact\/","title":{"rendered":"Contact"},"content":{"rendered":"<p><strong>ARTISTIC COMMITTEE<\/strong><br \/>\nAki Kaurism\u00e4ki<br \/>\nMika Kaurism\u00e4ki<br \/>\nTimo Malmi<\/p>\n<p><strong>SODANKYL\u00c4 OFFICE<\/strong><br \/>\nKelukoskentie 6 A 1<br \/>\n99600 Sodankyl\u00e4<br \/>\nFINLAND<br \/>\n<a href=\"mailto:office@msfilmfestival.fi\">office@msfilmfestival.fi<\/a><\/p>\n<p><strong>Executive Director\u00a0<\/strong><br \/>\nAri Lehtola<br \/>\n<a href=\"mailto:ari.lehtola@msfilmfestival.fi\">ari.lehtola@msfilmfestival.fi<\/a><br \/>\n+358 40 068 3672<\/p>\n<p><strong>Artistic Director<\/strong><br \/>\nTimo Malmi<br \/>\n<a href=\"mailto:timo.malmi@kolumbus.fi\">timo.malmi@kolumbus.fi<\/a><br \/>\nTel. +358 50 301 5550<\/p>\n<p><strong>Programme Manager<\/strong><br \/>\nMilja Mikkola<br \/>\n<a href=\"mailto:milja.mikkola@msfilmfestival.fi\">milja.mikkola@msfilmfestival.fi<\/a><br \/>\ntel. +358 400 856 080<\/p>\n<p><strong>Administration and Development Manager<\/strong><br \/>\nLaura Tervo<br \/>\n<a href=\"mailto:laura.tervo@msfilmfestival.fi\">laura.tervo@msfilmfestival.fi<\/a><br \/>\ntel. +358 40 196 5740<\/p>\n<p><strong>Producer<\/strong><br \/>\nJohanna Vanttaja<br \/>\n<a href=\"mailto:johanna.vanttaja@msfilmfestival.fi\">johanna.vanttaja@msfilmfestival.fi<\/a><br \/>\ntel. +358 40 196 5512<\/p>\n<p><strong>Print Coordinator<\/strong><br \/>\n<a href=\"mailto:print@msfilmfestival.fi\">print@msfilmfestival.fi<\/a><\/p>\n<p><strong>Press Coordinator<\/strong><br \/>\n+358 40 626 3755<br \/>\n<a href=\"mailto:press@msfilmfestival.fi\">press@msfilmfestival.fi<\/a><\/p>\n<p><b>Questions and inquiries<\/b><br \/>\n<a href=\"mailto:info@msfilmfestival.fi\">info@msfilmfestival.fi<\/a><\/p>\n","protected":false},"excerpt":{"rendered":"ARTISTIC COMMITTEE Aki Kaurism\u00e4ki Mika Kaurism\u00e4ki Timo Malmi SODANKYL\u00c4 OFFICE Kelukoskentie 6 A 1 99600 Sodankyl\u00e4 FINLAND office@msfilmfestival.fi Executive Director\u00a0 Ari Lehtola ari.lehtola@msfilmfestival.fi +358 40 068 3672 Artistic Director Timo Malmi timo.malmi@kolumbus.fi Tel. +358 50 301 5550 Programme Manager Milja Mikkola milja.mikkola@msfilmfestival.fi tel. +358 400 856 080 Administration and Development Manager Laura Tervo laura.tervo@msfilmfestival.fi tel&#8230;. <a class=\"view-article\" href=\"https:\/\/msfilmfestival.fi\/en\/contact\/\">View Article<\/a>","protected":false},"author":5,"featured_media":0,"parent":0,"menu_order":0,"comment_status":"closed","ping_status":"closed","template":"","meta":{"_acf_changed":false,"footnotes":""},"class_list":["post-287","page","type-page","status-publish","hentry"],"acf":[],"yoast_head":"<!-- This site is optimized with the Yoast SEO plugin v26.7 - https:\/\/yoast.com\/wordpress\/plugins\/seo\/ -->\n<title>Contact &#8212; Midnight Sun Film Festival<\/title>\n<meta name=\"robots\" content=\"index, follow, max-snippet:-1, max-image-preview:large, max-video-preview:-1\" \/>\n<link rel=\"canonical\" href=\"https:\/\/msfilmfestival.fi\/en\/contact\/\" \/>\n<meta property=\"og:locale\" content=\"en_US\" \/>\n<meta property=\"og:type\" content=\"article\" \/>\n<meta property=\"og:title\" content=\"Contact &#8212; Midnight Sun Film Festival\" \/>\n<meta property=\"og:description\" content=\"ARTISTIC COMMITTEE Aki Kaurism\u00e4ki Mika Kaurism\u00e4ki Timo Malmi SODANKYL\u00c4 OFFICE Kelukoskentie 6 A 1 99600 Sodankyl\u00e4 FINLAND office@msfilmfestival.fi Executive Director\u00a0 Ari Lehtola ari.lehtola@msfilmfestival.fi +358 40 068 3672 Artistic Director Timo Malmi timo.malmi@kolumbus.fi Tel. +358 50 301 5550 Programme Manager Milja Mikkola milja.mikkola@msfilmfestival.fi tel. +358 400 856 080 Administration and Development Manager Laura Tervo laura.tervo@msfilmfestival.fi tel.... View Article\" \/>\n<meta property=\"og:url\" content=\"https:\/\/msfilmfestival.fi\/en\/contact\/\" \/>\n<meta property=\"og:site_name\" content=\"Midnight Sun Film Festival\" \/>\n<meta property=\"article:publisher\" content=\"https:\/\/www.facebook.com\/MidnightSunFilmFestival\/\" \/>\n<meta property=\"article:modified_time\" content=\"2026-02-12T06:37:28+00:00\" \/>\n<meta property=\"og:image\" content=\"https:\/\/msfilmfestival.fi\/wp-content\/uploads\/2025\/04\/Lehden-kansi-vaaka_1-scaled.jpg\" \/>\n\t<meta property=\"og:image:width\" content=\"3092\" \/>\n\t<meta property=\"og:image:height\" content=\"1739\" \/>\n\t<meta property=\"og:image:type\" content=\"image\/jpeg\" \/>\n<meta name=\"twitter:card\" content=\"summary_large_image\" \/>\n<meta name=\"twitter:site\" content=\"@msfilmfest\" \/>\n<meta name=\"twitter:label1\" content=\"Est. reading time\" \/>\n\t<meta name=\"twitter:data1\" content=\"1 minute\" \/>\n<script type=\"application\/ld+json\" class=\"yoast-schema-graph\">{\"@context\":\"https:\/\/schema.org\",\"@graph\":[{\"@type\":\"WebPage\",\"@id\":\"https:\/\/msfilmfestival.fi\/en\/contact\/\",\"url\":\"https:\/\/msfilmfestival.fi\/en\/contact\/\",\"name\":\"Contact &#8212; Midnight Sun Film Festival\",\"isPartOf\":{\"@id\":\"https:\/\/msfilmfestival.fi\/#website\"},\"datePublished\":\"2017-05-03T11:50:06+00:00\",\"dateModified\":\"2026-02-12T06:37:28+00:00\",\"breadcrumb\":{\"@id\":\"https:\/\/msfilmfestival.fi\/en\/contact\/#breadcrumb\"},\"inLanguage\":\"en-US\",\"potentialAction\":[{\"@type\":\"ReadAction\",\"target\":[\"https:\/\/msfilmfestival.fi\/en\/contact\/\"]}]},{\"@type\":\"BreadcrumbList\",\"@id\":\"https:\/\/msfilmfestival.fi\/en\/contact\/#breadcrumb\",\"itemListElement\":[{\"@type\":\"ListItem\",\"position\":1,\"name\":\"Etusivu\",\"item\":\"https:\/\/msfilmfestival.fi\/en\/\"},{\"@type\":\"ListItem\",\"position\":2,\"name\":\"Contact\"}]},{\"@type\":\"WebSite\",\"@id\":\"https:\/\/msfilmfestival.fi\/#website\",\"url\":\"https:\/\/msfilmfestival.fi\/\",\"name\":\"Midnight Sun Film Festival\",\"description\":\"Midnight Sun Film Festival - Sodankyl\u00e4n Elokuvajuhlat\",\"publisher\":{\"@id\":\"https:\/\/msfilmfestival.fi\/#organization\"},\"potentialAction\":[{\"@type\":\"SearchAction\",\"target\":{\"@type\":\"EntryPoint\",\"urlTemplate\":\"https:\/\/msfilmfestival.fi\/?s={search_term_string}\"},\"query-input\":{\"@type\":\"PropertyValueSpecification\",\"valueRequired\":true,\"valueName\":\"search_term_string\"}}],\"inLanguage\":\"en-US\"},{\"@type\":\"Organization\",\"@id\":\"https:\/\/msfilmfestival.fi\/#organization\",\"name\":\"Sodankyl\u00e4n elokuvajuhlat\",\"url\":\"https:\/\/msfilmfestival.fi\/\",\"logo\":{\"@type\":\"ImageObject\",\"inLanguage\":\"en-US\",\"@id\":\"https:\/\/msfilmfestival.fi\/#\/schema\/logo\/image\/\",\"url\":\"https:\/\/msfilmfestival.fi\/wp-content\/uploads\/2018\/06\/MSFF-LOGOx2-v2-e1496143012921.png\",\"contentUrl\":\"https:\/\/msfilmfestival.fi\/wp-content\/uploads\/2018\/06\/MSFF-LOGOx2-v2-e1496143012921.png\",\"width\":957,\"height\":77,\"caption\":\"Sodankyl\u00e4n elokuvajuhlat\"},\"image\":{\"@id\":\"https:\/\/msfilmfestival.fi\/#\/schema\/logo\/image\/\"},\"sameAs\":[\"https:\/\/www.facebook.com\/MidnightSunFilmFestival\/\",\"https:\/\/x.com\/msfilmfest\",\"https:\/\/www.instagram.com\/midnightsunfilmfestival\/\"]}]}<\/script>\n<!-- \/ Yoast SEO plugin. -->","yoast_head_json":{"title":"Contact &#8212; Midnight Sun Film Festival","robots":{"index":"index","follow":"follow","max-snippet":"max-snippet:-1","max-image-preview":"max-image-preview:large","max-video-preview":"max-video-preview:-1"},"canonical":"https:\/\/msfilmfestival.fi\/en\/contact\/","og_locale":"en_US","og_type":"article","og_title":"Contact &#8212; Midnight Sun Film Festival","og_description":"ARTISTIC COMMITTEE Aki Kaurism\u00e4ki Mika Kaurism\u00e4ki Timo Malmi SODANKYL\u00c4 OFFICE Kelukoskentie 6 A 1 99600 Sodankyl\u00e4 FINLAND office@msfilmfestival.fi Executive Director\u00a0 Ari Lehtola ari.lehtola@msfilmfestival.fi +358 40 068 3672 Artistic Director Timo Malmi timo.malmi@kolumbus.fi Tel. +358 50 301 5550 Programme Manager Milja Mikkola milja.mikkola@msfilmfestival.fi tel. +358 400 856 080 Administration and Development Manager Laura Tervo laura.tervo@msfilmfestival.fi tel.... View Article","og_url":"https:\/\/msfilmfestival.fi\/en\/contact\/","og_site_name":"Midnight Sun Film Festival","article_publisher":"https:\/\/www.facebook.com\/MidnightSunFilmFestival\/","article_modified_time":"2026-02-12T06:37:28+00:00","og_image":[{"width":3092,"height":1739,"url":"https:\/\/msfilmfestival.fi\/wp-content\/uploads\/2025\/04\/Lehden-kansi-vaaka_1-scaled.jpg","type":"image\/jpeg"}],"twitter_card":"summary_large_image","twitter_site":"@msfilmfest","twitter_misc":{"Est. reading time":"1 minute"},"schema":{"@context":"https:\/\/schema.org","@graph":[{"@type":"WebPage","@id":"https:\/\/msfilmfestival.fi\/en\/contact\/","url":"https:\/\/msfilmfestival.fi\/en\/contact\/","name":"Contact &#8212; Midnight Sun Film Festival","isPartOf":{"@id":"https:\/\/msfilmfestival.fi\/#website"},"datePublished":"2017-05-03T11:50:06+00:00","dateModified":"2026-02-12T06:37:28+00:00","breadcrumb":{"@id":"https:\/\/msfilmfestival.fi\/en\/contact\/#breadcrumb"},"inLanguage":"en-US","potentialAction":[{"@type":"ReadAction","target":["https:\/\/msfilmfestival.fi\/en\/contact\/"]}]},{"@type":"BreadcrumbList","@id":"https:\/\/msfilmfestival.fi\/en\/contact\/#breadcrumb","itemListElement":[{"@type":"ListItem","position":1,"name":"Etusivu","item":"https:\/\/msfilmfestival.fi\/en\/"},{"@type":"ListItem","position":2,"name":"Contact"}]},{"@type":"WebSite","@id":"https:\/\/msfilmfestival.fi\/#website","url":"https:\/\/msfilmfestival.fi\/","name":"Midnight Sun Film Festival","description":"Midnight Sun Film Festival - Sodankyl\u00e4n Elokuvajuhlat","publisher":{"@id":"https:\/\/msfilmfestival.fi\/#organization"},"potentialAction":[{"@type":"SearchAction","target":{"@type":"EntryPoint","urlTemplate":"https:\/\/msfilmfestival.fi\/?s={search_term_string}"},"query-input":{"@type":"PropertyValueSpecification","valueRequired":true,"valueName":"search_term_string"}}],"inLanguage":"en-US"},{"@type":"Organization","@id":"https:\/\/msfilmfestival.fi\/#organization","name":"Sodankyl\u00e4n elokuvajuhlat","url":"https:\/\/msfilmfestival.fi\/","logo":{"@type":"ImageObject","inLanguage":"en-US","@id":"https:\/\/msfilmfestival.fi\/#\/schema\/logo\/image\/","url":"https:\/\/msfilmfestival.fi\/wp-content\/uploads\/2018\/06\/MSFF-LOGOx2-v2-e1496143012921.png","contentUrl":"https:\/\/msfilmfestival.fi\/wp-content\/uploads\/2018\/06\/MSFF-LOGOx2-v2-e1496143012921.png","width":957,"height":77,"caption":"Sodankyl\u00e4n elokuvajuhlat"},"image":{"@id":"https:\/\/msfilmfestival.fi\/#\/schema\/logo\/image\/"},"sameAs":["https:\/\/www.facebook.com\/MidnightSunFilmFestival\/","https:\/\/x.com\/msfilmfest","https:\/\/www.instagram.com\/midnightsunfilmfestival\/"]}]}},"_links":{"self":[{"href":"https:\/\/msfilmfestival.fi\/en\/wp-json\/wp\/v2\/pages\/287","targetHints":{"allow":["GET"]}}],"collection":[{"href":"https:\/\/msfilmfestival.fi\/en\/wp-json\/wp\/v2\/pages"}],"about":[{"href":"https:\/\/msfilmfestival.fi\/en\/wp-json\/wp\/v2\/types\/page"}],"author":[{"embeddable":true,"href":"https:\/\/msfilmfestival.fi\/en\/wp-json\/wp\/v2\/users\/5"}],"replies":[{"embeddable":true,"href":"https:\/\/msfilmfestival.fi\/en\/wp-json\/wp\/v2\/comments?post=287"}],"version-history":[{"count":12,"href":"https:\/\/msfilmfestival.fi\/en\/wp-json\/wp\/v2\/pages\/287\/revisions"}],"predecessor-version":[{"id":30353,"href":"https:\/\/msfilmfestival.fi\/en\/wp-json\/wp\/v2\/pages\/287\/revisions\/30353"}],"wp:attachment":[{"href":"https:\/\/msfilmfestival.fi\/en\/wp-json\/wp\/v2\/media?parent=287"}],"curies":[{"name":"wp","href":"https:\/\/api.w.org\/{rel}","templated":true}]}}